{"id":1209,"date":"2020-02-13T13:54:38","date_gmt":"2020-02-13T16:54:38","guid":{"rendered":"https:\/\/isfd84-bue.infd.edu.ar\/sitio\/?page_id=1209"},"modified":"2024-02-20T14:17:53","modified_gmt":"2024-02-20T17:17:53","slug":"instructivo-reingreso-2024","status":"publish","type":"page","link":"https:\/\/isfd84-bue.infd.edu.ar\/sitio\/instructivo-reingreso-2024\/","title":{"rendered":"Instructivo Reingreso 2024"},"content":{"rendered":"<h5 style=\"text-align: center;\"><a href=\"https:\/\/drive.google.com\/file\/d\/1h8Z-yzaFOUAsVr6m0W4DHxVJ8Za66OqH\/view?usp=sharing\" target=\"_blank\" rel=\"noopener\"><strong>REINGRESO 2024 <\/strong><strong>ESTUDIANTES DE 1ERO A 4TO A\u00d1O<img decoding=\"async\" loading=\"lazy\" class=\"wp-image-2206 alignright\" src=\"https:\/\/isfd84-bue.infd.edu.ar\/sitio\/wp-content\/uploads\/2021\/10\/logo-des-2020.png\" alt=\"\" width=\"181\" height=\"86\" \/><\/strong><\/a><\/h5>\n<p><strong>Seg\u00fan R\u00e9gimen acad\u00e9mico Resoluci\u00f3n 4043\/09<\/strong><\/p>\n<p><strong>* Permanencia y promoci\u00f3n:<\/strong> resulta imprescindible ampliar algunas definiciones, ya que impactan directamente en la trayectoria de nuestras y nuestros estudiantes. Tal como define la Res. 4043\/09, la permanencia refiere a las condiciones acad\u00e9micas para la prosecuci\u00f3n de los estudios en el Nivel y la promoci\u00f3n a las condiciones de acreditaci\u00f3n y evaluaci\u00f3n. Respecto de ambas, se sostiene lo establecido en dicha norma.<\/p>\n<p><strong>*<\/strong> <strong>Condici\u00f3n de regularidad<\/strong>:<\/p>\n<ol>\n<li>Acreditar al menos una (1) unidad curricular por a\u00f1o calendario (examen final).<\/li>\n<li>Renovar su inscripci\u00f3n como estudiante anualmente.<\/li>\n<\/ol>\n<p><strong>Entonces, ser\u00e1 estudiante regular quien: <\/strong><\/p>\n<ul>\n<li><strong>Se haya matriculado en el a\u00f1o 2023.<\/strong><\/li>\n<li><strong>Haya aprobado un final de la carrera, no necesariamente del a\u00f1o que cursa, durante el periodo febrero\/marzo 2023 a noviembre\/diciembre 2023 (a\u00f1o calendario).<\/strong><\/li>\n<\/ul>\n<p style=\"text-align: right;\"><strong><em>Observaci\u00f3n<\/em><\/strong><em>: Fonoaudiolog\u00eda cuenta como una acreditaci\u00f3n.<\/em><\/p>\n<p>En tanto y conforme a lo definido por la mencionada comunicaci\u00f3n, quienes no cumplan este requisito y deseen continuar sus estudios en la Instituci\u00f3n deber\u00e1n tramitar su <strong>REINGRESO<\/strong>.<\/p>\n<p><strong><em>\u00bfCu\u00e1les son los pasos a seguir para solicitar el reingreso?<\/em><\/strong><\/p>\n<p><strong><em>La fecha de solicitud de Reingresos ser\u00e1 del<\/em><\/strong><strong><em> \u00a0<\/em><\/strong><strong><em>4 de marzo al 6 de marzo de 2024<\/em><\/strong>, para iniciar el tr\u00e1mite se deber\u00e1n completar los formularios 1 (solicitud de reingreso) y Formulario 2 (Ficha m\u00e9dica \u2013 apto traumatol\u00f3gico y ergometr\u00eda).<\/p>\n<ul>\n<li><strong>Aclaraciones<em>:<\/em><\/strong>\n<ul>\n<li><strong><em>en relaci\u00f3n a estudios m\u00e9dicos<\/em><\/strong>:\n<ul>\n<li>solo entregar\u00e1n nuevos estudios m\u00e9dicos quien al momento de la solicitud tenga inactividad acad\u00e9mica en la carrera de m\u00e1s de 4 a\u00f1os (\u00faltima matriculaci\u00f3n a materias en 2021).<\/li>\n<li>aquellos-as estudiantes en cuyos legajos conste ergometr\u00eda hecha en el ciclo lectivo 2023 o cuenten con una para entregar, no deber\u00e1n rehacer la misma dado que tiene un a\u00f1o de validez.<\/li>\n<\/ul>\n<\/li>\n<\/ul>\n<\/li>\n<\/ul>\n<p><em><strong>Los formularios y toda la documentaci\u00f3n ser\u00e1n entregados en mesa de entrada<\/strong> en la instituci\u00f3n en el horario de 9 a 12 hs o de 14 a 17 hs<\/em><\/p>\n<p><strong><em>La inscripci\u00f3n del-la reingresante estar\u00e1 supeditada a las posibilidades de capacidad funcional<\/em><\/strong><strong>. <\/strong><strong><em>\u00a0<\/em><\/strong><\/p>\n<p><strong><em>Considerar\u00e1 al momento de la re-matriculaci\u00f3n la vigencia del nuevo r\u00e9gimen de correlatividades (Anexo 5, IF-2023-45624654-GDEBA-SDIFDIDGCYE) <\/em><\/strong>\u00a0 \u00a0 \u00a0 \u00a0 \u00a0 \u00a0 \u00a0 \u00a0 \u00a0 \u00a0 \u00a0 \u00a0 \u00a0 \u00a0 \u00a0 \u00a0 \u00a0 \u00a0 \u00a0 \u00a0 \u00a0 \u00a0 \u00a0 \u00a0 \u00a0 \u00a0 \u00a0 \u00a0 \u00a0 \u00a0 \u00a0 \u00a0\u00a0<\/p>\n<h5 style=\"text-align: center;\"><strong>\u00a0<\/strong><a href=\"https:\/\/isfd84-bue.infd.edu.ar\/sitio\/formularios-2024\/\" target=\"_blank\" rel=\"noopener\">Descargar Formularios<\/a><\/h5>\n<hr \/>\n<p><img decoding=\"async\" loading=\"lazy\" class=\"wp-image-2204  aligncenter\" src=\"https:\/\/isfd84-bue.infd.edu.ar\/sitio\/wp-content\/uploads\/2021\/10\/foto-1.png\" alt=\"\" width=\"124\" height=\"133\" \/><\/p>\n\n\n<p><\/p>\n","protected":false},"excerpt":{"rendered":"<p>REINGRESO 2024 ESTUDIANTES DE 1ERO A 4TO A\u00d1O Seg\u00fan R\u00e9gimen acad\u00e9mico Resoluci\u00f3n 4043\/09 * Permanencia y promoci\u00f3n: resulta imprescindible ampliar algunas definiciones, ya que impactan directamente en la trayectoria de nuestras y nuestros estudiantes. Tal como define la Res. 4043\/09, la permanencia refiere a las condiciones acad\u00e9micas para la prosecuci\u00f3n de los estudios en el &#8230; <a title=\"Instructivo Reingreso 2024\" class=\"read-more\" href=\"https:\/\/isfd84-bue.infd.edu.ar\/sitio\/instructivo-reingreso-2024\/\" aria-label=\"More on Instructivo Reingreso 2024\">[+]<\/a><\/p>\n","protected":false},"author":1928,"featured_media":0,"parent":0,"menu_order":0,"comment_status":"closed","ping_status":"closed","template":"","meta":[],"acf":[],"_links":{"self":[{"href":"https:\/\/isfd84-bue.infd.edu.ar\/sitio\/wp-json\/wp\/v2\/pages\/1209"}],"collection":[{"href":"https:\/\/isfd84-bue.infd.edu.ar\/sitio\/wp-json\/wp\/v2\/pages"}],"about":[{"href":"https:\/\/isfd84-bue.infd.edu.ar\/sitio\/wp-json\/wp\/v2\/types\/page"}],"author":[{"embeddable":true,"href":"https:\/\/isfd84-bue.infd.edu.ar\/sitio\/wp-json\/wp\/v2\/users\/1928"}],"replies":[{"embeddable":true,"href":"https:\/\/isfd84-bue.infd.edu.ar\/sitio\/wp-json\/wp\/v2\/comments?post=1209"}],"version-history":[{"count":32,"href":"https:\/\/isfd84-bue.infd.edu.ar\/sitio\/wp-json\/wp\/v2\/pages\/1209\/revisions"}],"predecessor-version":[{"id":4041,"href":"https:\/\/isfd84-bue.infd.edu.ar\/sitio\/wp-json\/wp\/v2\/pages\/1209\/revisions\/4041"}],"wp:attachment":[{"href":"https:\/\/isfd84-bue.infd.edu.ar\/sitio\/wp-json\/wp\/v2\/media?parent=1209"}],"curies":[{"name":"wp","href":"https:\/\/api.w.org\/{rel}","templated":true}]}}