{"id":1897,"date":"2021-03-18T12:39:28","date_gmt":"2021-03-18T15:39:28","guid":{"rendered":"https:\/\/isfd84-bue.infd.edu.ar\/sitio\/?page_id=1897"},"modified":"2025-11-06T09:56:43","modified_gmt":"2025-11-06T12:56:43","slug":"plan-de-estudio","status":"publish","type":"page","link":"https:\/\/isfd84-bue.infd.edu.ar\/sitio\/plan-de-estudio\/","title":{"rendered":"Plan de Estudio"},"content":{"rendered":"<p>Dise\u00f1o del Profesorado de Educaci\u00f3n F\u00edsica.<br \/>\n<img decoding=\"async\" loading=\"lazy\" src=\"https:\/\/isfd84-bue.infd.edu.ar\/sitio\/wp-content\/uploads\/2021\/03\/Dise\u00f1o-Prof1-1000x789.jpg\" alt=\"\" width=\"1000\" height=\"789\" class=\"alignnone size-medium wp-image-1901\" srcset=\"https:\/\/isfd84-bue.infd.edu.ar\/sitio\/wp-content\/uploads\/2021\/03\/Dise\u00f1o-Prof1-1000x789.jpg 1000w, https:\/\/isfd84-bue.infd.edu.ar\/sitio\/wp-content\/uploads\/2021\/03\/Dise\u00f1o-Prof1-768x606.jpg 768w, https:\/\/isfd84-bue.infd.edu.ar\/sitio\/wp-content\/uploads\/2021\/03\/Dise\u00f1o-Prof1.jpg 1200w\" sizes=\"(max-width: 1000px) 100vw, 1000px\" \/><br \/>\n<img decoding=\"async\" loading=\"lazy\" src=\"https:\/\/isfd84-bue.infd.edu.ar\/sitio\/wp-content\/uploads\/2021\/03\/Dise\u00f1o-Prof2-1000x789.jpg\" alt=\"\" width=\"1000\" height=\"789\" class=\"alignnone size-medium wp-image-1900\" srcset=\"https:\/\/isfd84-bue.infd.edu.ar\/sitio\/wp-content\/uploads\/2021\/03\/Dise\u00f1o-Prof2-1000x789.jpg 1000w, https:\/\/isfd84-bue.infd.edu.ar\/sitio\/wp-content\/uploads\/2021\/03\/Dise\u00f1o-Prof2-768x606.jpg 768w, https:\/\/isfd84-bue.infd.edu.ar\/sitio\/wp-content\/uploads\/2021\/03\/Dise\u00f1o-Prof2.jpg 1200w\" sizes=\"(max-width: 1000px) 100vw, 1000px\" \/><br \/>\n<img decoding=\"async\" loading=\"lazy\" src=\"https:\/\/isfd84-bue.infd.edu.ar\/sitio\/wp-content\/uploads\/2021\/03\/Dise\u00f1o-Prof3-1000x789.jpg\" alt=\"\" width=\"1000\" height=\"789\" class=\"alignnone size-medium wp-image-1899\" srcset=\"https:\/\/isfd84-bue.infd.edu.ar\/sitio\/wp-content\/uploads\/2021\/03\/Dise\u00f1o-Prof3-1000x789.jpg 1000w, https:\/\/isfd84-bue.infd.edu.ar\/sitio\/wp-content\/uploads\/2021\/03\/Dise\u00f1o-Prof3-768x606.jpg 768w, https:\/\/isfd84-bue.infd.edu.ar\/sitio\/wp-content\/uploads\/2021\/03\/Dise\u00f1o-Prof3.jpg 1200w\" sizes=\"(max-width: 1000px) 100vw, 1000px\" \/><br \/>\n<img decoding=\"async\" loading=\"lazy\" src=\"https:\/\/isfd84-bue.infd.edu.ar\/sitio\/wp-content\/uploads\/2021\/03\/Dise\u00f1o-Prof4-1000x789.jpg\" alt=\"\" width=\"1000\" height=\"789\" class=\"alignnone size-medium wp-image-1898\" srcset=\"https:\/\/isfd84-bue.infd.edu.ar\/sitio\/wp-content\/uploads\/2021\/03\/Dise\u00f1o-Prof4-1000x789.jpg 1000w, https:\/\/isfd84-bue.infd.edu.ar\/sitio\/wp-content\/uploads\/2021\/03\/Dise\u00f1o-Prof4-768x606.jpg 768w, https:\/\/isfd84-bue.infd.edu.ar\/sitio\/wp-content\/uploads\/2021\/03\/Dise\u00f1o-Prof4.jpg 1200w\" sizes=\"(max-width: 1000px) 100vw, 1000px\" \/><\/p>\n","protected":false},"excerpt":{"rendered":"<p>Dise\u00f1o del Profesorado de Educaci\u00f3n F\u00edsica.<\/p>\n","protected":false},"author":1928,"featured_media":0,"parent":0,"menu_order":0,"comment_status":"closed","ping_status":"closed","template":"","meta":[],"acf":[],"_links":{"self":[{"href":"https:\/\/isfd84-bue.infd.edu.ar\/sitio\/wp-json\/wp\/v2\/pages\/1897"}],"collection":[{"href":"https:\/\/isfd84-bue.infd.edu.ar\/sitio\/wp-json\/wp\/v2\/pages"}],"about":[{"href":"https:\/\/isfd84-bue.infd.edu.ar\/sitio\/wp-json\/wp\/v2\/types\/page"}],"author":[{"embeddable":true,"href":"https:\/\/isfd84-bue.infd.edu.ar\/sitio\/wp-json\/wp\/v2\/users\/1928"}],"replies":[{"embeddable":true,"href":"https:\/\/isfd84-bue.infd.edu.ar\/sitio\/wp-json\/wp\/v2\/comments?post=1897"}],"version-history":[{"count":5,"href":"https:\/\/isfd84-bue.infd.edu.ar\/sitio\/wp-json\/wp\/v2\/pages\/1897\/revisions"}],"predecessor-version":[{"id":4648,"href":"https:\/\/isfd84-bue.infd.edu.ar\/sitio\/wp-json\/wp\/v2\/pages\/1897\/revisions\/4648"}],"wp:attachment":[{"href":"https:\/\/isfd84-bue.infd.edu.ar\/sitio\/wp-json\/wp\/v2\/media?parent=1897"}],"curies":[{"name":"wp","href":"https:\/\/api.w.org\/{rel}","templated":true}]}}