{"id":3796,"date":"2023-09-08T16:31:55","date_gmt":"2023-09-08T19:31:55","guid":{"rendered":"https:\/\/isfd84-bue.infd.edu.ar\/sitio\/?page_id=3796"},"modified":"2023-11-27T14:31:13","modified_gmt":"2023-11-27T17:31:13","slug":"ideas-84-revista-digital","status":"publish","type":"page","link":"https:\/\/isfd84-bue.infd.edu.ar\/sitio\/ideas-84-revista-digital\/","title":{"rendered":"Ideas 84-Revista Digital"},"content":{"rendered":"\n<p>IDEAS 84 REVISTA DIGITAL AGRADECE<\/p>\n\n\n\n<blockquote class=\"wp-block-quote has-text-align-right\">\n<p class=\"has-text-align-right\">\u201cNada hay m\u00e1s digno de la atenci\u00f3n de los magistrados que promover por todos los medios la mejora de la educaci\u00f3n p\u00fablica\u201d <\/p>\n<cite>Mariano Moreno<\/cite><\/blockquote>\n\n\n\n<p>En esta oportunidad finalizando el a\u00f1o y alcanzando el objetivo propuesto de cuatro publicaciones Ideas 84 Revista Digital, quisi\u00e9ramos agradecer a toda la comunidad educativa del I.S.F.D N\u00ba84 por acompa\u00f1arnos en este ciclo. Dentro de este agradecimiento deseamos hacer una menci\u00f3n especial para los\/as colaboradores\/as, autores\/as que en cada uno de los vol\u00famenes han aportado profesionalismo, compromiso y responsabilidad para con este proyecto. Docentes, docentes en formaci\u00f3n del I.S.F.D N\u00ba 84 Mar del Plata, equipo de conducci\u00f3n del I.S.F.D N\u00ba 84, docentes que se han formado en esta casa de estudios y hoy se encuentran desarroll\u00e1ndose en otros \u00e1mbitos, grupo de estudio del deporte, invitados\/as del I.S.F.D N\u00ba 63 Coronel Vidal, \u00e1rea de programaci\u00f3n de la plataforma institucional, centro de estudiantes del I.S.F.D N\u00ba84 (gesti\u00f3n 2021\/22 ) a todos\/as ellos\/as nuestro reconocimiento. El equipo que conforma Ideas 84 Revista Digital, como dijimos en un principio, puso en valor las aspiraciones de grupos de estudiantes y docentes que desde el a\u00f1o 1989 -en adelante &#8211; pensaron en objetivos similares\/comunes y diferentes a los que nos convocaron a re-crear este proyecto. Por tal motivo cerramos este ciclo de apuestas y desaf\u00edos colectivos, dejando una puerta abierta y con la siguiente premisa tal como lo propone Migue Vicente Pedraz: \u201cComo obrar, como resistir los embates del discurso tecnoliberal, con que programa a corto o largo plazo, es parte de la tarea que hay por delante. Una tarea ardua para la que no hay ingenier\u00eda pedag\u00f3gica posible, ni receta salvo la idea, tal vez, de que el camino se hace al andar y este se transita mejor en compa\u00f1\u00eda\u201d.(2015: 11)<\/p>\n\n\n\n<p>Equipo Ideas 84 Revista Digital Noviembre 2023<\/p>\n\n\n\n<p class=\"has-text-align-center has-accent-color has-luminous-vivid-orange-to-vivid-red-gradient-background has-text-color has-background has-medium-font-size\"><a rel=\"noreferrer noopener\" href=\"https:\/\/www.canva.com\/design\/DAFljN9r8BE\/zho4vzoEYBRX7GQfl27U3w\/view?utm_content=DAFljN9r8BE&amp;utm_campaign=designshare&amp;utm_medium=link&amp;utm_source=publishsharelink#4\" target=\"_blank\"><strong>VOLUMEN I<\/strong><\/a><\/p>\n\n\n\n<p class=\"has-text-align-center has-luminous-vivid-orange-to-vivid-red-gradient-background has-background has-medium-font-size\"><a rel=\"noreferrer noopener\" href=\"https:\/\/isfd84-bue.infd.edu.ar\/aula\/archivos\/repositorio\/\/1500\/1619\/Ideas_84_Revista_Digital_-Volumen_II__-_ISFD_N_84_-Mar_del_Plata_-_2023.pdf\" target=\"_blank\"><strong>VOLUMEN <\/strong>II<\/a><\/p>\n\n\n\n<p class=\"has-text-align-center has-luminous-vivid-orange-to-vivid-red-gradient-background has-background has-medium-font-size\"><a href=\"https:\/\/isfd84-bue.infd.edu.ar\/aula\/archivos\/repositorio\/\/1500\/1651\/Ideas84_Revista_Digital_-Volumen_III__-_ISFD_N_84_-2023.pdf\" target=\"_blank\" rel=\"noreferrer noopener\"><strong>VOLUMEN <\/strong>III<\/a><\/p>\n\n\n\n<p class=\"has-text-align-center has-luminous-vivid-orange-to-vivid-red-gradient-background has-background has-medium-font-size\"><a href=\"https:\/\/isfd84-bue.infd.edu.ar\/aula\/archivos\/repositorio\/\/1500\/1664\/Ideas_84_Revista_Digital_-Volumen_IV__-_ISFD_N_84_-2023.pdf\" target=\"_blank\" rel=\"noreferrer noopener\"><strong>VOLUMEN <\/strong>IV<\/a><\/p>\n\n\n\n<div class=\"wp-block-columns is-layout-flex wp-container-5\">\n<div class=\"wp-block-column is-vertically-aligned-center is-layout-flow\" style=\"flex-basis:100%\">\n<div class=\"wp-block-columns is-layout-flex wp-container-3\">\n<div class=\"wp-block-column is-layout-flow\" style=\"flex-basis:100%\">\n<div class=\"wp-block-group is-horizontal is-content-justification-center is-nowrap is-layout-flex wp-container-1\"><div class=\"wp-block-image\">\n<figure class=\"aligncenter size-full is-resized\"><img decoding=\"async\" loading=\"lazy\" src=\"https:\/\/isfd84-bue.infd.edu.ar\/sitio\/wp-content\/uploads\/2023\/09\/Ideas84_Rojo-removebg-preview-5.png\" alt=\"\" class=\"wp-image-3831\" width=\"188\" height=\"188\"\/><figcaption class=\"wp-element-caption\"><em>Revista Institucional<\/em><\/figcaption><\/figure><\/div>\n\n<div class=\"wp-block-image\">\n<figure class=\"aligncenter size-full is-resized\"><img decoding=\"async\" loading=\"lazy\" src=\"https:\/\/isfd84-bue.infd.edu.ar\/sitio\/wp-content\/uploads\/2023\/11\/WhatsApp-Image-2023-11-24-at-15.06.27-1.jpeg\" alt=\"\" class=\"wp-image-3926\" width=\"233\" height=\"233\" srcset=\"https:\/\/isfd84-bue.infd.edu.ar\/sitio\/wp-content\/uploads\/2023\/11\/WhatsApp-Image-2023-11-24-at-15.06.27-1.jpeg 1600w, https:\/\/isfd84-bue.infd.edu.ar\/sitio\/wp-content\/uploads\/2023\/11\/WhatsApp-Image-2023-11-24-at-15.06.27-1-1000x1000.jpeg 1000w, https:\/\/isfd84-bue.infd.edu.ar\/sitio\/wp-content\/uploads\/2023\/11\/WhatsApp-Image-2023-11-24-at-15.06.27-1-500x500.jpeg 500w, https:\/\/isfd84-bue.infd.edu.ar\/sitio\/wp-content\/uploads\/2023\/11\/WhatsApp-Image-2023-11-24-at-15.06.27-1-768x768.jpeg 768w, https:\/\/isfd84-bue.infd.edu.ar\/sitio\/wp-content\/uploads\/2023\/11\/WhatsApp-Image-2023-11-24-at-15.06.27-1-1536x1536.jpeg 1536w\" sizes=\"(max-width: 233px) 100vw, 233px\" \/><\/figure><\/div><\/div>\n<\/div>\n<\/div>\n<\/div>\n<\/div>\n","protected":false},"excerpt":{"rendered":"<p>IDEAS 84 REVISTA DIGITAL AGRADECE \u201cNada hay m\u00e1s digno de la atenci\u00f3n de los magistrados que promover por todos los medios la mejora de la educaci\u00f3n p\u00fablica\u201d Mariano Moreno En esta oportunidad finalizando el a\u00f1o y alcanzando el objetivo propuesto de cuatro publicaciones Ideas 84 Revista Digital, quisi\u00e9ramos agradecer a toda la comunidad educativa del &#8230; <a title=\"Ideas 84-Revista Digital\" class=\"read-more\" href=\"https:\/\/isfd84-bue.infd.edu.ar\/sitio\/ideas-84-revista-digital\/\" aria-label=\"More on Ideas 84-Revista Digital\">[+]<\/a><\/p>\n","protected":false},"author":1928,"featured_media":0,"parent":0,"menu_order":0,"comment_status":"closed","ping_status":"closed","template":"","meta":[],"acf":[],"_links":{"self":[{"href":"https:\/\/isfd84-bue.infd.edu.ar\/sitio\/wp-json\/wp\/v2\/pages\/3796"}],"collection":[{"href":"https:\/\/isfd84-bue.infd.edu.ar\/sitio\/wp-json\/wp\/v2\/pages"}],"about":[{"href":"https:\/\/isfd84-bue.infd.edu.ar\/sitio\/wp-json\/wp\/v2\/types\/page"}],"author":[{"embeddable":true,"href":"https:\/\/isfd84-bue.infd.edu.ar\/sitio\/wp-json\/wp\/v2\/users\/1928"}],"replies":[{"embeddable":true,"href":"https:\/\/isfd84-bue.infd.edu.ar\/sitio\/wp-json\/wp\/v2\/comments?post=3796"}],"version-history":[{"count":26,"href":"https:\/\/isfd84-bue.infd.edu.ar\/sitio\/wp-json\/wp\/v2\/pages\/3796\/revisions"}],"predecessor-version":[{"id":3929,"href":"https:\/\/isfd84-bue.infd.edu.ar\/sitio\/wp-json\/wp\/v2\/pages\/3796\/revisions\/3929"}],"wp:attachment":[{"href":"https:\/\/isfd84-bue.infd.edu.ar\/sitio\/wp-json\/wp\/v2\/media?parent=3796"}],"curies":[{"name":"wp","href":"https:\/\/api.w.org\/{rel}","templated":true}]}}