{"id":4522,"date":"2025-08-06T16:52:43","date_gmt":"2025-08-06T19:52:43","guid":{"rendered":"https:\/\/isfd84-bue.infd.edu.ar\/sitio\/?page_id=4522"},"modified":"2026-03-13T18:16:52","modified_gmt":"2026-03-13T21:16:52","slug":"ingreso-2026-profesorado-de-ef","status":"publish","type":"page","link":"https:\/\/isfd84-bue.infd.edu.ar\/sitio\/ingreso-2026-profesorado-de-ef\/","title":{"rendered":"INGRESANTES 2026 \u2013 Profesorado de Educaci\u00f3n F\u00edsica"},"content":{"rendered":"\n<h1 class=\"wp-block-heading\"><\/h1>\n\n\n\n<p><strong>INICIO DE CLASES PARA INGRESANTES: <\/strong><\/p>\n\n\n\n<p>LUNES 16 DE MARZO 2026  <\/p>\n\n\n\n<p>TURNO MA\u00d1ANA 8HS<\/p>\n\n\n\n<p>TURNO TARDE comisi\u00f3n A 13:30 Hs &#8211; Comision B 12:30 hs (Aclaraci\u00f3n la materia DP acu\u00e1ticas es en aula de Instituto _ por ahora no es en natatorio)<\/p>\n\n\n\n<p><\/p>\n\n\n\n<p class=\"has-text-align-center\"><a href=\"https:\/\/drive.google.com\/file\/d\/1uMgRBDtR8hxS_IqWVizH6Nxh7nsIdUkd\/view?usp=drive_link\">VER HORARIOS DE 1ER A\u00d1O 2026<\/a><\/p>\n\n\n\n<p class=\"has-text-align-center\">ESTAR\u00c1N AUTOM\u00c1TICAMENTE INSCRIPTOS EN LAS MATERIAS DEL 1er A\u00d1O DE LA CARRERA, NO DEBEN REALIZAR TR\u00c1MITE DE INSCRIPCI\u00d3N A CURSADAS.<\/p>\n\n\n\n<p>DURANTE EL MES DE MARZO, LAS CLASES DE DP. ACU\u00c1TICAS DE TODAS LAS COMISIONES SE DICTAR\u00c1N EN AULA DEL INSTITUTO.<\/p>\n\n\n\n<p><\/p>\n\n\n\n<p>_________________________________________________<\/p>\n\n\n\n<p><strong>INGRESANTES 2026 \u2013 FECHAS PARA COMPLETAR LA MATRICULACI\u00d3N AL PROFESORADO DE EDUCACI\u00d3N F\u00cdSICA.<\/strong><\/p>\n\n\n\n<h5 class=\"wp-block-heading\"><strong>ETAPA N\u00ba2: RATIFICACI\u00d3N DE PRE-INSCRIPCI\u00d3N<\/strong><\/h5>\n\n\n\n<p>PARA COMPLETAR EL PROCESO DE MATRICULACI\u00d3N 2026 SOLICITAMOS A LOS INGRESANTES QUE ENTREGUEN PERSONALMENTE la documentaci\u00f3n presentada en Etapa 1:<\/p>\n\n\n\n<ul>\n<li><strong>EN UN SOBRE PAPEL MADERA OFICIO:<\/strong>\n<ul>\n<li>DNI de ambos lados<\/li>\n\n\n\n<li>Partida de nacimiento.<\/li>\n\n\n\n<li>Foto tama\u00f1o carnet (4&#215;4), fondo blanco o claro<\/li>\n\n\n\n<li>Constancia de trabajo en blanco con copia de los tres \u00faltimos recibos de sueldo (si correspondiera).<\/li>\n\n\n\n<li>T\u00edtulo Secundario, constancia de t\u00edtulo en tr\u00e1mite, constancia de ex\u00e1menes pendientes al mes de marzo 2026.<\/li>\n\n\n\n<li>Apto Nataci\u00f3n con la siguiente leyenda obligatoria: <em>\u201cPosee aptitud f\u00edsica para realizar nataci\u00f3n de acuerdo a su edad y sexo\u201d<\/em><\/li>\n\n\n\n<li>Formulario de Solicitud de Inscripci\u00f3n Completo<\/li>\n\n\n\n<li>Formulario de Notificaci\u00f3n de requisitos de inscripci\u00f3n completo y firmado<ul><li><strong>Tener en cuenta<\/strong><\/li><\/ul><ul><li>Las copias de la documentaci\u00f3n deben ser fotocopias o copias impresas de forma legible. Traer tambi\u00e9n t\u00edtulo y DNI original para dar vista.<\/li><\/ul><ul><li>El Apto para Nataci\u00f3n: deber\u00e1 ser el certificado original (no se acepta fotocopia)<\/li><\/ul><ul><li>Las fotos: deber\u00e1n entregarse tres (3) y de tama\u00f1o 4&#215;4 (foto carnet)<\/li><\/ul>\n<ul>\n<li>Actualizaci\u00f3n de T\u00edtulo Secundario en Tr\u00e1mite, o T\u00edtulo Secundario.<\/li>\n<\/ul>\n<\/li>\n<\/ul>\n<\/li>\n\n\n\n<li><strong>EN OTRO SOBRE OFICIO PAPEL MADERA CADA ASPIRANTE DEBER\u00c1 ENTREGAR LOS ESTUDIOS M\u00c9DICOS:<\/strong>\n<ul>\n<li>Ficha m\u00e9dica completa y certificada por m\u00e9dico profesional en todos sus campos.<\/li>\n\n\n\n<li>Ergometr\u00eda<\/li>\n\n\n\n<li>Certificado traumatol\u00f3gico con la leyenda textual <strong>\u201cPOSEE APTITUD F\u00cdSICA PARA REALIZAR ACTIVIDADES DE ALTO IMPACTO\u201d <\/strong><strong><\/strong><\/li>\n<\/ul>\n<\/li>\n<\/ul>\n\n\n\n<p>Podr\u00e1 colaborar con el Pago de cooperadora: cuota anual $ 36.000 (este pago no ser\u00e1 excluyente)<\/p>\n\n\n\n<h5 class=\"wp-block-heading\">LUGAR: BIBLIOTECA DEL ISFD N\u00ba84<\/h5>\n\n\n\n<h5 class=\"wp-block-heading\">CRONOGRAMA<\/h5>\n\n\n\n<figure class=\"wp-block-table\"><table><tbody><tr><td>COMISI\u00d3N &nbsp;D<\/td><td>MIERCOLES 18 DE FEBRERO 09:30 a 11:30 hs<\/td><\/tr><tr><td>COMISI\u00d3N &nbsp;F<\/td><td>MIERCOLES 18 DE FEBRERO 14:00 a 16:00 hs<\/td><\/tr><tr><td>COMISI\u00d3N&nbsp; C<\/td><td>JUEVES 19 DE FEBRERO &nbsp;&nbsp;&nbsp;&nbsp;&nbsp;&nbsp;08:30 a 10:30 hs<\/td><\/tr><tr><td>COMISI\u00d3N&nbsp; E<\/td><td>JUEVES 19 DE FEBRERO &nbsp;&nbsp;&nbsp;&nbsp;&nbsp;&nbsp;12:00 a 14:00 hs<\/td><\/tr><tr><td>COMISI\u00d3N&nbsp; B<\/td><td>VIERNES 20 DE FEBRERO &nbsp;&nbsp;&nbsp;&nbsp;13:30 a 15:30 hs<\/td><\/tr><tr><td>COMISI\u00d3N&nbsp; A<\/td><td>VIERNES 20 DE FEBRERO&nbsp; &nbsp;&nbsp;&nbsp;16:30 a 18:30 hs<\/td><\/tr><\/tbody><\/table><\/figure>\n\n\n\n<h5 class=\"wp-block-heading\"><strong>PERMUTAS DE TURNO<\/strong><\/h5>\n\n\n\n<p>En cuanto a los cambios de turno la \u00fanica opci\u00f3n (fuera de trabajo en blanco) son permutas entre los propios ingresantes. Es decir alguien del turno ma\u00f1ana que necesite cursar a la tarde cambia, permuta, con alguien de la tarde que necesite la ma\u00f1ana.&nbsp;<\/p>\n\n\n\n<p class=\"has-accent-color has-text-color\">EN CARTELERA F\u00cdSICA DEL INSTITUTO (PASILLO A MESA DE ENTRADA) ENCONTR\u00c1N UN ESPACIO DESTINADO PARA PODER ANOTARSE Y ECONTRAR CON QUIEN PERMUTAR.<\/p>\n\n\n\n<p>Una vez que dos ingresantes se encontraron para permutar, deber\u00e1n solicitarlo mediante nota firmada por ambos donde consignaran DNI, Apellido Nombre, Comisi\u00f3n de Origen, Comisi\u00f3n Destino. LA NOTA PODR\u00c1N ENTREGARLA POR MESA DE ENTRADAS DEL INSTITUTO DE 08 A 18 hs HASTA EL 10 DE MARZO 2026<\/p>\n\n\n\n<p><\/p>\n\n\n\n<p><strong>SORTEO ORDENADOR DE TURNOS Y COMISIONES PARA LA REALIZACI\u00d3N DEL TALLER INICIAL (no eliminatorio)<\/strong><\/p>\n\n\n\n<figure class=\"wp-block-image size-full\"><img decoding=\"async\" loading=\"lazy\" width=\"307\" height=\"379\" src=\"https:\/\/isfd84-bue.infd.edu.ar\/sitio\/wp-content\/uploads\/2025\/12\/LOTERIA-NAC.png\" alt=\"\" class=\"wp-image-4727\"\/><\/figure>\n\n\n\n<p><strong>COMISIONES: <\/strong><\/p>\n\n\n\n<p><a href=\"https:\/\/drive.google.com\/file\/d\/1ZnPNpVAkU3UH-0DUbbU9HvF6bwA4U9OG\/view?usp=drive_link\">A &#8211; <\/a><code><a href=\"https:\/\/drive.google.com\/file\/d\/1ZnPNpVAkU3UH-0DUbbU9HvF6bwA4U9OG\/view?usp=drive_link\">TURN<\/a>O<\/code><a href=\"https:\/\/drive.google.com\/file\/d\/1ZnPNpVAkU3UH-0DUbbU9HvF6bwA4U9OG\/view?usp=drive_link\"> TARDE <\/a><\/p>\n\n\n\n<p><a href=\"https:\/\/drive.google.com\/file\/d\/1U8lGiIJ9uR6t9Ys22051e3yrElXopB1p\/view?usp=drive_link\">B &#8211; TURNO TARDE<\/a><\/p>\n\n\n\n<p><a href=\"https:\/\/drive.google.com\/file\/d\/1i1TppYD7qBILf9-LyVgabyqt9yJcznMC\/view?usp=drive_link\">C &#8211; TURNO MA\u00d1ANA <\/a><\/p>\n\n\n\n<p><a href=\"https:\/\/drive.google.com\/file\/d\/1LGLrpGeFSLi1GbAtMUyyQ_4IXVtrEEgY\/view?usp=drive_link\">D &#8211; TURNO MA\u00d1ANA<\/a><\/p>\n\n\n\n<p><a href=\"https:\/\/drive.google.com\/file\/d\/1W-a0TRNQihZd9Guicqg1n-UC189hbfnS\/view?usp=drive_link\">E &#8211; TURNO MA\u00d1ANA<\/a><\/p>\n\n\n\n<p><a href=\"https:\/\/drive.google.com\/file\/d\/1CXv9VU0Bld1CDcSlHWO3b06WAXXqNh13\/view?usp=drive_link\">F &#8211; TURNO MA\u00d1ANA EXTENDIDO<\/a><\/p>\n\n\n\n<p><\/p>\n\n\n\n<p><strong>LISTADO DE ASPIRANTES QUE CUMPLIMENTARON LA PRE MATRICULACI\u00d3N VIRTUAL Y ACCEDEN AL SORTEO ORDENADOR DE TURNOS Y COMISIONES.<\/strong><\/p>\n\n\n\n<p><a href=\"https:\/\/drive.google.com\/file\/d\/1GWhgrtCjV7AQa73UCjeQqc6RTk_U_lVN\/view?usp=drive_link\">CLIK AC\u00c1 PARA VER EL LISTADO.<\/a><\/p>\n\n\n\n<p><\/p>\n\n\n\n<p><\/p>\n\n\n\n<p>______________________________________________________________________________________<\/p>\n\n\n\n<p><\/p>\n\n\n\n<p><\/p>\n\n\n\n<div class=\"wp-block-media-text alignwide is-stacked-on-mobile\" style=\"grid-template-columns:45% auto\"><figure class=\"wp-block-media-text__media\"><img decoding=\"async\" loading=\"lazy\" width=\"1411\" height=\"895\" src=\"https:\/\/isfd84-bue.infd.edu.ar\/sitio\/wp-content\/uploads\/2025\/12\/PREINSCRIPCION.png\" alt=\"\" class=\"wp-image-4683 size-full\" srcset=\"https:\/\/isfd84-bue.infd.edu.ar\/sitio\/wp-content\/uploads\/2025\/12\/PREINSCRIPCION.png 1411w, https:\/\/isfd84-bue.infd.edu.ar\/sitio\/wp-content\/uploads\/2025\/12\/PREINSCRIPCION-1000x634.png 1000w, https:\/\/isfd84-bue.infd.edu.ar\/sitio\/wp-content\/uploads\/2025\/12\/PREINSCRIPCION-768x487.png 768w\" sizes=\"(max-width: 1411px) 100vw, 1411px\" \/><\/figure><div class=\"wp-block-media-text__content\">\n<p><\/p>\n\n\n\n<p><\/p>\n\n\n\n<h2 class=\"wp-block-heading\">Etapa 1 Pre inscripci\u00f3n On Line.<\/h2>\n\n\n\n<h5 class=\"wp-block-heading\">Etapa Finalizada.<\/h5>\n\n\n\n<h4 class=\"wp-block-heading has-text-align-center\">         <img decoding=\"async\" loading=\"lazy\" width=\"281\" height=\"350\" class=\"wp-image-4684\" style=\"width: 100px;\" src=\"https:\/\/isfd84-bue.infd.edu.ar\/sitio\/wp-content\/uploads\/2025\/12\/FORMULARIO-ICO.jpg\" alt=\"\"> <\/h4>\n\n\n\n<h2 class=\"wp-block-heading has-text-align-center\"> <\/h2>\n<\/div><\/div>\n\n\n\n<p><\/p>\n\n\n\n<p><\/p>\n\n\n\n<div class=\"wp-block-media-text alignwide is-stacked-on-mobile is-vertically-aligned-top\" style=\"grid-template-columns:44% auto\"><figure class=\"wp-block-media-text__media\"><img decoding=\"async\" loading=\"lazy\" width=\"800\" height=\"1660\" src=\"https:\/\/isfd84-bue.infd.edu.ar\/sitio\/wp-content\/uploads\/2025\/10\/Charlas-ingreso-2026-1.jpg\" alt=\"\" class=\"wp-image-4620 size-full\" srcset=\"https:\/\/isfd84-bue.infd.edu.ar\/sitio\/wp-content\/uploads\/2025\/10\/Charlas-ingreso-2026-1.jpg 800w, https:\/\/isfd84-bue.infd.edu.ar\/sitio\/wp-content\/uploads\/2025\/10\/Charlas-ingreso-2026-1-482x1000.jpg 482w, https:\/\/isfd84-bue.infd.edu.ar\/sitio\/wp-content\/uploads\/2025\/10\/Charlas-ingreso-2026-1-768x1594.jpg 768w, https:\/\/isfd84-bue.infd.edu.ar\/sitio\/wp-content\/uploads\/2025\/10\/Charlas-ingreso-2026-1-740x1536.jpg 740w\" sizes=\"(max-width: 800px) 100vw, 800px\" \/><\/figure><div class=\"wp-block-media-text__content\">\n<p><\/p>\n\n\n\n<p><\/p>\n\n\n\n<p><\/p>\n\n\n\n<p><\/p>\n\n\n<div class=\"wp-block-image\">\n<figure class=\"aligncenter size-full is-resized\"><img decoding=\"async\" loading=\"lazy\" src=\"https:\/\/isfd84-bue.infd.edu.ar\/sitio\/wp-content\/uploads\/2023\/07\/image.png\" alt=\"\" class=\"wp-image-3654\" width=\"203\" height=\"135\"\/><\/figure><\/div>\n\n\n<p class=\"has-text-align-center\"><a href=\"https:\/\/isfd84-bue.infd.edu.ar\/sitio\/wp-content\/uploads\/2025\/10\/Documentacion-ingreso-2026-para-aspirantes.pdf\" title=\"Documentaci\u00f3n Ingreso 2026 para\ningresantes.pdf\" target=&quot;_blank&quot;\" rel=\"noreferrer noopener\">Documentaci\u00f3n Ingreso 2026 para aspirantes<\/a><\/p>\n<\/div><\/div>\n","protected":false},"excerpt":{"rendered":"<p>INICIO DE CLASES PARA INGRESANTES: LUNES 16 DE MARZO 2026 TURNO MA\u00d1ANA 8HS TURNO TARDE comisi\u00f3n A 13:30 Hs &#8211; Comision B 12:30 hs (Aclaraci\u00f3n la materia DP acu\u00e1ticas es en aula de Instituto _ por ahora no es en natatorio) VER HORARIOS DE 1ER A\u00d1O 2026 ESTAR\u00c1N AUTOM\u00c1TICAMENTE INSCRIPTOS EN LAS MATERIAS DEL 1er &#8230; <a title=\"INGRESANTES 2026 \u2013 Profesorado de Educaci\u00f3n F\u00edsica\" class=\"read-more\" href=\"https:\/\/isfd84-bue.infd.edu.ar\/sitio\/ingreso-2026-profesorado-de-ef\/\" aria-label=\"More on INGRESANTES 2026 \u2013 Profesorado de Educaci\u00f3n F\u00edsica\">[+]<\/a><\/p>\n","protected":false},"author":1928,"featured_media":0,"parent":0,"menu_order":0,"comment_status":"closed","ping_status":"closed","template":"","meta":[],"acf":[],"_links":{"self":[{"href":"https:\/\/isfd84-bue.infd.edu.ar\/sitio\/wp-json\/wp\/v2\/pages\/4522"}],"collection":[{"href":"https:\/\/isfd84-bue.infd.edu.ar\/sitio\/wp-json\/wp\/v2\/pages"}],"about":[{"href":"https:\/\/isfd84-bue.infd.edu.ar\/sitio\/wp-json\/wp\/v2\/types\/page"}],"author":[{"embeddable":true,"href":"https:\/\/isfd84-bue.infd.edu.ar\/sitio\/wp-json\/wp\/v2\/users\/1928"}],"replies":[{"embeddable":true,"href":"https:\/\/isfd84-bue.infd.edu.ar\/sitio\/wp-json\/wp\/v2\/comments?post=4522"}],"version-history":[{"count":40,"href":"https:\/\/isfd84-bue.infd.edu.ar\/sitio\/wp-json\/wp\/v2\/pages\/4522\/revisions"}],"predecessor-version":[{"id":4855,"href":"https:\/\/isfd84-bue.infd.edu.ar\/sitio\/wp-json\/wp\/v2\/pages\/4522\/revisions\/4855"}],"wp:attachment":[{"href":"https:\/\/isfd84-bue.infd.edu.ar\/sitio\/wp-json\/wp\/v2\/media?parent=4522"}],"curies":[{"name":"wp","href":"https:\/\/api.w.org\/{rel}","templated":true}]}}