{"id":4591,"date":"2025-10-05T19:52:54","date_gmt":"2025-10-05T22:52:54","guid":{"rendered":"https:\/\/isfd84-bue.infd.edu.ar\/sitio\/?page_id=4591"},"modified":"2026-04-14T10:49:01","modified_gmt":"2026-04-14T13:49:01","slug":"ingreso-2026-tecnicatura-sup-en-tiempo-libre-y-recreacion","status":"publish","type":"page","link":"https:\/\/isfd84-bue.infd.edu.ar\/sitio\/ingreso-2026-tecnicatura-sup-en-tiempo-libre-y-recreacion\/","title":{"rendered":"Tecnicatura Superior En Tiempo Libre Y Recreaci\u00f3n &#8211; Ingreso 2026"},"content":{"rendered":"\n<p class=\"has-contrast-color has-text-color has-background\" style=\"background-color:#ffcff2\"><strong>TECNICATURA SUPERIOR EN TIEMPO LIBRE Y RECREACI\u00d3N \u2013RES. 3783\/22<\/strong>.<\/p>\n\n\n\n<p><strong>Matriculaci\u00f3n &#8211; Inscripcion 2026 abierta !! <\/strong><\/p>\n\n\n\n<p>Completar el siguiente formulario y ser\u00e1s contactado a la brevedad para efectivizar la inscripci\u00f3n !!!<\/p>\n\n\n\n<figure class=\"wp-block-image size-full is-resized\"><a href=\"https:\/\/forms.gle\/xFyTyBRo983p6mf47\"><img decoding=\"async\" loading=\"lazy\" src=\"https:\/\/isfd84-bue.infd.edu.ar\/sitio\/wp-content\/uploads\/2026\/02\/image.png\" alt=\"\" class=\"wp-image-4785\" width=\"103\" height=\"128\"\/><\/a><\/figure>\n\n\n\n<p><strong>Inicio de Clases Estimado: 4 de mayo 2026<\/strong><\/p>\n\n\n\n<p class=\"has-text-align-center\"><\/p>\n\n\n\n<hr class=\"wp-block-separator has-alpha-channel-opacity\"\/>\n\n\n\n<p><strong>CARACTER\u00cdSTICAS DE LA CARRERA:<\/strong><\/p>\n\n\n\n<p>La Tecnicatura Superior en Tiempo Libre y Recreaci\u00f3n surge como propuesta de carrera del Nivel Superior de Formaci\u00f3n T\u00e9cnica en el marco de la Resoluci\u00f3n N\u00ba 3783\/22, para formar profesionales capaces de insertarse en el amplio y diverso mundo del trabajo vinculado con las pr\u00e1cticas recreativas y de uso creativo del tiempo libre.<\/p>\n\n\n\n<p>La formaci\u00f3n de T\u00e9cnicas\/os Superiores en Tiempo Libre y Recreaci\u00f3n, se pone al servicio de asegurar y desarrollar el derecho de cada persona y de la poblaci\u00f3n en su conjunto a las pr\u00e1cticas recreativas con diversos prop\u00f3sitos, como espacio de socializaci\u00f3n y esparcimiento y en procura del bienestar personal y grupal.<\/p>\n\n\n\n<p>La Resoluci\u00f3n N\u00b0 295\/16 del Consejo Federal de Educaci\u00f3n indica que la ETP inicia a las\/os estudiantes, j\u00f3venes y adultas\/os, en un recorrido de profesionalizaci\u00f3n a partir del acceso a una base de conocimientos y de habilidades profesionales que les permite su inserci\u00f3n en \u00e1reas ocupacionales cuya complejidad exige haber adquirido una formaci\u00f3n general, una cultura cient\u00edfico tecnol\u00f3gica de base a la par de una formaci\u00f3n t\u00e9cnica espec\u00edfica de car\u00e1cter profesional, as\u00ed como continuar con el proceso de formaci\u00f3n durante toda su vida. Procura, adem\u00e1s, responder a las demandas y necesidades del contexto socio productivo en el cual se desarrolla, con una mirada integral y prospectiva que excede a la preparaci\u00f3n para el desempe\u00f1o de puestos de trabajo u oficios espec\u00edficos. La creciente demanda en Tecnicaturas de nivel superior sobre un amplio espectro de actividades profesionales supone la implementaci\u00f3n de carreras t\u00e9cnicas especializadas y diversificadas, relacionadas con las ciencias, la tecnolog\u00eda, la salud, el medio ambiente y el desarrollo socio cultural de las comunidades, en permanente vinculaci\u00f3n con el entorno socio productivo y garantizando acceso, permanencia y egreso de profesionales, t\u00e9cnicas y t\u00e9cnicos altamente calificados y comprometidos con la sociedad de la que forman parte y con los derechos humanos.<\/p>\n\n\n\n<p><strong>Titulaci\u00f3n &nbsp;<\/strong><\/p>\n\n\n\n<p>La\/El estudiante que haya cursado y acreditado todos los espacios anteriormente citados, recibir\u00e1 el t\u00edtulo de: <strong>T\u00c9CNICA\/O SUPERIOR EN TIEMPO LIBRE Y RECREACI\u00d3N.<\/strong><\/p>\n\n\n\n<p><strong>Perfil profesional<\/strong><\/p>\n\n\n\n<p>El plan de estudios busca garantizar una formaci\u00f3n de T\u00e9cnicas\/os Superiores en Tiempo Libre y Recreaci\u00f3n habilitante para la inserci\u00f3n laboral en torno a la atenci\u00f3n del acceso tanto de cada persona como de la poblaci\u00f3n en su conjunto a las pr\u00e1cticas recreativas y al tiempo libre, desde una posici\u00f3n reflexiva de su quehacer, respetuosa de las diferencias y posibilidades, en \u00e1mbitos tales como centros culturales, clubes, emprendimientos vinculados al turismo, sindicatos, obras sociales, hospitales y centros de salud, asociaciones y organizaciones sociales, comunitarias, de gesti\u00f3n p\u00fablica como privada. La\/El T\u00e9cnica\/o Superior en Tiempo Libre y Recreaci\u00f3n es una\/o profesional agente de promoci\u00f3n cultural que se encuentra capacitada\/o para planificar, diagnosticar, desarrollar y evaluar propuestas de pr\u00e1cticas recreativas, coordinar grupos de trabajo, organizar eventos recreativos, asesorar a otras\/os profesionales en materia, recreativa e integrar equipos interdisciplinarios. Su formaci\u00f3n y su pr\u00e1ctica est\u00e1n al servicio de asegurar el acceso a las pr\u00e1cticas recreativas y del tiempo libre, ponderando el valor social y cultural de ambos, as\u00ed como respetando las posibilidades de cada sujeto, desde una perspectiva de derechos.<\/p>\n\n\n\n<p><\/p>\n\n\n\n<p><strong>Espacios curriculares y carga horaria<\/strong><\/p>\n\n\n\n<p>A continuaci\u00f3n se presenta la estructura curricular por a\u00f1o. En el cuadro se indica la denominaci\u00f3n, la cantidad de horas semanales de cursado por espacio curricular y la cantidad de horas totales por a\u00f1o.<\/p>\n\n\n\n<figure class=\"wp-block-table\"><table><tbody><tr><td><strong>Primer A\u00f1o<\/strong><\/td><td><strong>M\u00f3dulos anuales<\/strong><\/td><\/tr><tr><td>Taller de abordaje de la ESI<\/td><td>64 hs<\/td><\/tr><tr><td>Tiempo Libre y Recreaci\u00f3n<\/td><td>64 hs<\/td><\/tr><tr><td>Sujetos de la Recreaci\u00f3n<\/td><td>64 hs<\/td><\/tr><tr><td>Taller de juegos y actividades recreativas<\/td><td>64 hs<\/td><\/tr><tr><td>Taller de Artes visuales<\/td><td>64 hs<\/td><\/tr><tr><td>Taller de expresi\u00f3n corporal<\/td><td>64 hs<\/td><\/tr><tr><td>Pr\u00e1cticas Profesionalizantes I: Aproximaci\u00f3n al campo laboral<\/td><td>128 hs<\/td><\/tr><tr><td><strong>Segundo A\u00f1o<\/strong><\/td><td><strong>M\u00f3dulos anuales<\/strong><\/td><\/tr><tr><td>Educaci\u00f3n Ambiental<\/td><td>64 hs<\/td><\/tr><tr><td>Historia Pol\u00edtica<\/td><td>64 hs<\/td><\/tr><tr><td>Coordinaci\u00f3n de grupos<\/td><td>64 hs<\/td><\/tr><tr><td>Taller de actividades recreativas en ambientes naturales<\/td><td>64 hs<\/td><\/tr><tr><td>Taller de Artes Musicales<\/td><td>64 hs<\/td><\/tr><tr><td>Pr\u00e1cticas Profesionalizantes II: Planificaci\u00f3n de proyectos Recreativos<\/td><td>128 hs<\/td><\/tr><tr><td><strong>Tercer A\u00f1o<\/strong><\/td><td><strong>M\u00f3dulos anuales<\/strong><\/td><\/tr><tr><td>Taller de herramientas de informaci\u00f3n y comunicaci\u00f3n<\/td><td>64 hs<\/td><\/tr><tr><td>Organizaciones e instituciones recreativas<\/td><td>64 hs<\/td><\/tr><tr><td>Dise\u00f1o de proyectos<\/td><td>64 hs<\/td><\/tr><tr><td>Juegos y deportes alternativos<\/td><td>64 hs<\/td><\/tr><tr><td>Taller optativo (Teatro o Medios Audiovisuales)<\/td><td>64 hs<\/td><\/tr><tr><td>Taller de Pr\u00e1cticas corporales emergentes<\/td><td>64 hs<\/td><\/tr><tr><td>Pr\u00e1cticas Profesionalizantes III: Dise\u00f1o e Implementaci\u00f3n de Proyectos Recreativos<\/td><td>128 hs<\/td><\/tr><\/tbody><\/table><\/figure>\n\n\n\n<p>Observaciones: 64 hs corresopnde a 2 hs por semana \u2013 128 hs corresponde a 4 hs por semana.<\/p>\n","protected":false},"excerpt":{"rendered":"<p>TECNICATURA SUPERIOR EN TIEMPO LIBRE Y RECREACI\u00d3N \u2013RES. 3783\/22. Matriculaci\u00f3n &#8211; Inscripcion 2026 abierta !! Completar el siguiente formulario y ser\u00e1s contactado a la brevedad para efectivizar la inscripci\u00f3n !!! Inicio de Clases Estimado: 4 de mayo 2026 CARACTER\u00cdSTICAS DE LA CARRERA: La Tecnicatura Superior en Tiempo Libre y Recreaci\u00f3n surge como propuesta de carrera &#8230; <a title=\"Tecnicatura Superior En Tiempo Libre Y Recreaci\u00f3n &#8211; Ingreso 2026\" class=\"read-more\" href=\"https:\/\/isfd84-bue.infd.edu.ar\/sitio\/ingreso-2026-tecnicatura-sup-en-tiempo-libre-y-recreacion\/\" aria-label=\"More on Tecnicatura Superior En Tiempo Libre Y Recreaci\u00f3n &#8211; Ingreso 2026\">[+]<\/a><\/p>\n","protected":false},"author":1928,"featured_media":0,"parent":0,"menu_order":0,"comment_status":"closed","ping_status":"closed","template":"","meta":[],"acf":[],"_links":{"self":[{"href":"https:\/\/isfd84-bue.infd.edu.ar\/sitio\/wp-json\/wp\/v2\/pages\/4591"}],"collection":[{"href":"https:\/\/isfd84-bue.infd.edu.ar\/sitio\/wp-json\/wp\/v2\/pages"}],"about":[{"href":"https:\/\/isfd84-bue.infd.edu.ar\/sitio\/wp-json\/wp\/v2\/types\/page"}],"author":[{"embeddable":true,"href":"https:\/\/isfd84-bue.infd.edu.ar\/sitio\/wp-json\/wp\/v2\/users\/1928"}],"replies":[{"embeddable":true,"href":"https:\/\/isfd84-bue.infd.edu.ar\/sitio\/wp-json\/wp\/v2\/comments?post=4591"}],"version-history":[{"count":13,"href":"https:\/\/isfd84-bue.infd.edu.ar\/sitio\/wp-json\/wp\/v2\/pages\/4591\/revisions"}],"predecessor-version":[{"id":4903,"href":"https:\/\/isfd84-bue.infd.edu.ar\/sitio\/wp-json\/wp\/v2\/pages\/4591\/revisions\/4903"}],"wp:attachment":[{"href":"https:\/\/isfd84-bue.infd.edu.ar\/sitio\/wp-json\/wp\/v2\/media?parent=4591"}],"curies":[{"name":"wp","href":"https:\/\/api.w.org\/{rel}","templated":true}]}}